{"id":4034,"date":"2020-06-04T07:55:34","date_gmt":"2020-06-04T07:55:34","guid":{"rendered":"https:\/?page_id=4034"},"modified":"2020-06-04T08:04:51","modified_gmt":"2020-06-04T08:04:51","slug":"mentions-legales","status":"publish","type":"page","link":"https:\/\/jardins-ditagne.ch\/de\/mentions-legales\/","title":{"rendered":"Mentions L\u00e9gales"},"content":{"rendered":"<p>&nbsp;<\/p>\n<p class=\"p2\"><span class=\"s1\">Organe responsable au sens de la l\u00e9gislation sur la protection des donn\u00e9es, en particulier de l\u2019ordonnance de l\u2019UE sur la protection des donn\u00e9es :<\/span><\/p>\n<p><strong>BONVIN &amp; PARTNERS S\u00e0rl<br \/>\n<\/strong>Avenue du G\u00e9n\u00e9ral Guisan 23<br \/>\nCH-3960 SIERRE (VS)<br \/>\ninfo @ jardins-ditagne.ch<\/p>\n<p class=\"p2\"><span class=\"s1\">Vous pouvez exercer \u00e0 tout moment les droits suivants en utilisant les coordonn\u00e9es fournies par notre responsable de la protection des donn\u00e9es :<\/span><\/p>\n<p class=\"p2\"><span class=\"s1\">Informations sur vos donn\u00e9es stock\u00e9es chez nous et leur traitement,<br \/>\nCorrection de donn\u00e9es personnelles incorrectes,<br \/>\nSuppression de vos donn\u00e9es stock\u00e9es chez nous,<br \/>\nRestriction du traitement des donn\u00e9es si nous ne sommes pas encore autoris\u00e9s \u00e0 supprimer vos donn\u00e9es en raison d\u2019obligations l\u00e9gales,<br \/>\nOpposition au traitement de vos donn\u00e9es par nous<br \/>\nTransf\u00e9rabilit\u00e9 des donn\u00e9es si vous avez consenti au traitement des donn\u00e9es ou si vous avez conclu un contrat avec nous.<br \/>\nSi vous nous avez donn\u00e9 votre consentement, vous pouvez le r\u00e9voquer \u00e0 tout moment avec effet imm\u00e9diat.<\/span><\/p>\n<h3 class=\"p3\"><span class=\"s1\">Finalit\u00e9s du traitement des donn\u00e9es<b><br \/>\n<\/b><\/span><\/h3>\n<p class=\"p2\"><span class=\"s1\">Nous traitons vos donn\u00e9es personnelles uniquement aux fins indiqu\u00e9es dans la pr\u00e9sente d\u00e9claration de protection des donn\u00e9es. Vos donn\u00e9es personnelles ne seront pas transmises \u00e0 des tiers \u00e0 des fins autres que celles mentionn\u00e9es. Nous ne transmettons vos donn\u00e9es personnelles \u00e0 des tiers que si :<\/span><\/p>\n<p class=\"p2\"><span class=\"s1\">vous avez donn\u00e9 votre consentement expr\u00e8s,<br \/>\nest n\u00e9cessaire pour traiter un contrat avec vous,<br \/>\nle traitement est n\u00e9cessaire pour remplir une obligation l\u00e9gale,<br \/>\nle traitement est n\u00e9cessaire pour prot\u00e9ger des int\u00e9r\u00eats l\u00e9gitimes et il n\u2019y a aucune raison de croire que vous avez un int\u00e9r\u00eat sup\u00e9rieur digne de protection \u00e0 ne pas divulguer vos donn\u00e9es.<\/span><\/p>\n<h3 class=\"p3\"><span class=\"s1\">Effacement ou verrouillage des donn\u00e9es<b><br \/>\n<\/b><\/span><\/h3>\n<p class=\"p2\"><span class=\"s1\">Nous adh\u00e9rons aux principes d\u2019\u00e9vitement et d\u2019\u00e9conomie des donn\u00e9es. C\u2019est pourquoi nous ne conservons vos donn\u00e9es personnelles que pour la dur\u00e9e n\u00e9cessaire \u00e0 la r\u00e9alisation des finalit\u00e9s indiqu\u00e9es ici ou pr\u00e9vue dans les diff\u00e9rents d\u00e9lais de conservation pr\u00e9vus par la loi. Apr\u00e8s la finalit\u00e9 ou l\u2019expiration de ces d\u00e9lais, les donn\u00e9es correspondantes seront syst\u00e9matiquement bloqu\u00e9es ou effac\u00e9es, conform\u00e9ment aux dispositions l\u00e9gales.<\/span><\/p>\n<h3 class=\"p3\"><span class=\"s1\">Collecte d\u2019informations g\u00e9n\u00e9rales<b><br \/>\n<\/b><\/span><\/h3>\n<p class=\"p2\"><span class=\"s1\">Lorsque vous acc\u00e9dez \u00e0 notre site Web, des informations d\u2019ordre g\u00e9n\u00e9ral sont automatiquement collect\u00e9es au moyen d\u2019un cookie. Ces informations (fichiers journaux du serveur) comprennent le type de navigateur Web, le syst\u00e8me d\u2019exploitation utilis\u00e9, le nom de domaine de votre fournisseur d\u2019acc\u00e8s Internet et des informations similaires. Il s\u2019agit exclusivement d\u2019informations qui ne permettent pas de tirer des conclusions sur votre personne.<\/span><\/p>\n<p class=\"p2\"><span class=\"s1\">Ces informations sont techniquement n\u00e9cessaires pour vous fournir correctement le contenu que vous avez demand\u00e9 sur les sites Web et sont obligatoires lorsque vous utilisez Internet. Elles sont trait\u00e9es en particulier pour les finalit\u00e9s suivantes :<\/span><\/p>\n<p class=\"p2\"><span class=\"s1\">Assurer une connexion sans probl\u00e8me du site Web,<br \/>\nAssurer une utilisation sans heurts de notre site Web,<br \/>\nl\u2019\u00e9valuation de la s\u00e9curit\u00e9 et de la stabilit\u00e9 du syst\u00e8me, ainsi que \u00e0 d\u2019autres fins administratives.<br \/>\nLe traitement de vos donn\u00e9es personnelles est bas\u00e9 sur l\u2019int\u00e9r\u00eat l\u00e9gitime que nous portons aux finalit\u00e9s susmentionn\u00e9es de la collecte de donn\u00e9es. Nous n\u2019utilisons pas vos donn\u00e9es pour tirer des conclusions sur vous personnellement. Les destinataires des donn\u00e9es sont uniquement l\u2019organisme responsable et, le cas \u00e9ch\u00e9ant, le sous-traitant.<\/span><\/p>\n<p class=\"p2\"><span class=\"s1\">De telles informations anonymes peuvent faire l\u2019objet d\u2019une \u00e9valuation statistique de notre part afin d\u2019optimiser notre pr\u00e9sence sur Internet et la technologie qui la sous-tend.<\/span><\/p>\n<h3 class=\"p3\"><span class=\"s1\">Bulletin d\u2019information<b><br \/>\n<\/b><\/span><\/h3>\n<p class=\"p2\"><span class=\"s1\">Sur la base de votre accord explicite, nous vous enverrons r\u00e9guli\u00e8rement notre newsletter ou des informations comparables par e-mail \u00e0 l\u2019adresse e-mail que vous avez indiqu\u00e9e.<\/span><\/p>\n<p class=\"p2\"><span class=\"s1\">Pour recevoir la newsletter, il suffit de fournir votre adresse e-mail. Lors de l\u2019inscription \u00e0 notre newsletter, les donn\u00e9es que vous nous communiquez seront utilis\u00e9es exclusivement \u00e0 cette fin. Les abonn\u00e9s peuvent \u00e9galement \u00eatre inform\u00e9s par courrier \u00e9lectronique des circonstances relatives au service ou \u00e0 l\u2019inscription (par exemple, modification de l\u2019offre de la newsletter ou des circonstances techniques).<\/span><\/p>\n<p class=\"p2\"><span class=\"s1\">Pour une inscription efficace, nous avons besoin d\u2019une adresse e-mail valide. Afin de v\u00e9rifier qu\u2019un enregistrement est bien effectu\u00e9 par le propri\u00e9taire d\u2019une adresse e-mail, nous utilisons la proc\u00e9dure \u00ab\u00a0double opt-in\u00a0\u00bb. A cet effet, nous enregistrons la commande de la newsletter, l\u2019envoi d\u2019un e-mail de confirmation et la r\u00e9ception de la r\u00e9ponse demand\u00e9e. Aucune autre donn\u00e9e ne sera recueillie. Les donn\u00e9es seront utilis\u00e9es exclusivement pour l\u2019envoi de la newsletter et ne seront pas transmises \u00e0 des tiers.<\/span><\/p>\n<p class=\"p2\"><span class=\"s1\">Vous pouvez \u00e0 tout moment r\u00e9voquer votre consentement \u00e0 l\u2019enregistrement de vos donn\u00e9es personnelles et \u00e0 leur utilisation pour l\u2019envoi de la newsletter. Dans chaque newsletter, vous trouverez un lien correspondant. Vous pouvez \u00e9galement vous d\u00e9sabonner directement de ce site Web \u00e0 tout moment ou nous informer de votre demande en utilisant l\u2019option de contact \u00e0 la fin de cette d\u00e9claration de protection des donn\u00e9es.<\/span><\/p>\n<h3 class=\"p3\"><span class=\"s1\">Formulaire de contact<b><br \/>\n<\/b><\/span><\/h3>\n<p class=\"p2\"><span class=\"s1\">Si vous nous contactez pour toute question par e-mail ou formulaire de contact, veuillez nous donner votre consentement volontaire afin de nous contacter. Une adresse e-mail valide est n\u00e9cessaire \u00e0 cet effet. Ceci est utilis\u00e9 pour assigner la demande et y r\u00e9pondre. La sp\u00e9cification de donn\u00e9es suppl\u00e9mentaires est facultative. Les informations que vous nous fournissez seront conserv\u00e9es dans le but de traiter votre demande et pour d\u2019\u00e9ventuelles questions compl\u00e9mentaires. Apr\u00e8s le traitement de votre demande, vos donn\u00e9es personnelles seront automatiquement effac\u00e9es.<\/span><\/p>\n<h3 class=\"p3\"><span class=\"s1\">Utilisation de Google Analytics<b><br \/>\n<\/b><\/span><\/h3>\n<p class=\"p2\"><span class=\"s1\">Ce site Web utilise Google Analytics, un service d\u2019analyse Web de Google Inc. (\u00e0 suivre : Google). Google Analytics utilise des \u00ab\u00a0cookies\u00a0\u00bb, qui sont des fichiers texte plac\u00e9s sur votre ordinateur, pour aider le site Internet \u00e0 analyser l\u2019utilisation du site par ses utilisateurs. Les informations g\u00e9n\u00e9r\u00e9es par les cookies concernant votre utilisation de ce site Web sont g\u00e9n\u00e9ralement transmises \u00e0 un serveur de Google aux \u00c9tats-Unis et y sont stock\u00e9es. Toutefois, en raison de l\u2019activation de l\u2019anonymisation IP sur ces sites Web, votre adresse IP sera auparavant r\u00e9duite par Google dans les \u00c9tats membres de l\u2019Union europ\u00e9enne ou dans les autres \u00c9tats signataires de l\u2019accord sur l\u2019Espace \u00e9conomique europ\u00e9en. Ce n\u2019est que dans des cas exceptionnels que l\u2019adresse IP compl\u00e8te sera transmise \u00e0 un serveur Google aux Etats-Unis et raccourcie \u00e0 cet endroit. Au nom de l\u2019exploitant de ce site Web, Google utilisera ces informations pour \u00e9valuer votre utilisation du site Web, pour \u00e9tablir des rapports sur les activit\u00e9s du site Web et pour fournir \u00e0 l\u2019exploitant du site Web d\u2019autres services li\u00e9s \u00e0 l\u2019utilisation du site Web et d\u2019Internet. L\u2019adresse IP transmise par votre navigateur dans le cadre de Google Analytics n\u2019est pas fusionn\u00e9e avec d\u2019autres donn\u00e9es Google.<\/span><\/p>\n<p class=\"p2\"><span class=\"s1\">Le traitement des donn\u00e9es a pour but d\u2019\u00e9valuer l\u2019utilisation du site web et de compiler des rapports d\u2019activit\u00e9s sur le site web. D\u2019autres services connexes seront alors fournis en fonction de l\u2019utilisation du site Web et de l\u2019Internet. Le traitement est bas\u00e9 sur l\u2019int\u00e9r\u00eat l\u00e9gitime de l\u2019exploitant du site.<\/span><\/p>\n<p class=\"p2\"><span class=\"s1\">Vous pouvez refuser l\u2019utilisation de cookies en s\u00e9lectionnant les param\u00e8tres appropri\u00e9s de votre navigateur, mais veuillez noter que si vous le faites, vous ne pourrez peut-\u00eatre pas utiliser toutes les fonctionnalit\u00e9s de ce site. Vous pouvez \u00e9galement emp\u00eacher Google de collecter les donn\u00e9es g\u00e9n\u00e9r\u00e9es par le cookie et relatives \u00e0 votre utilisation du site (y compris votre adresse IP) et de les traiter par Google en t\u00e9l\u00e9chargeant et en installant le plug-in de navigateur disponible sous le lien suivant :<br \/>\nCompl\u00e9ment navigateur pour d\u00e9sactiver Google Analytics.<\/span><\/p>\n<p class=\"p2\"><span class=\"s1\">En plus ou comme alternative \u00e0 l\u2019extension de navigateur, vous pouvez emp\u00eacher le suivi par Google Analytics sur nos pages en cliquant sur ce lien. Un cookie d\u2019exclusion est install\u00e9 sur votre appareil. Cela emp\u00eachera Google Analytics de collecter \u00e0 l\u2019avenir des donn\u00e9es pour ce site Web et pour ce navigateur tant que le cookie restera install\u00e9 dans votre navigateur.<\/span><\/p>\n<h3 class=\"p3\"><span class=\"s1\">Vid\u00e9os YouTube int\u00e9gr\u00e9es<b><br \/>\n<\/b><\/span><\/h3>\n<p class=\"p2\"><span class=\"s1\">Sur certains de nos sites Web, nous int\u00e9grons des vid\u00e9os YouTube. YouTube, LLC, 901 Cherry Ave., San Bruno, CA 94066, USA est l\u2019op\u00e9rateur des plug-ins correspondants. Lorsque vous visitez une page avec le plugin YouTube, une connexion aux serveurs Youtube est \u00e9tablie. Youtube sera inform\u00e9 des pages que vous visitez. Si vous \u00eates connect\u00e9 \u00e0 votre compte Youtube, Youtube peut vous attribuer personnellement votre comportement de navigation. Vous pouvez l\u2019emp\u00eacher en vous d\u00e9connectant de votre compte YouTube au pr\u00e9alable.<\/span><\/p>\n<p class=\"p2\"><span class=\"s1\">Si une vid\u00e9o YouTube est lanc\u00e9e, le fournisseur utilise des cookies qui collectent des informations sur le comportement de l\u2019utilisateur.<\/span><\/p>\n<p class=\"p2\"><span class=\"s1\">Si vous avez d\u00e9sactiv\u00e9 le stockage des cookies pour le programme Google Ad, vous n\u2019aurez pas \u00e0 vous soucier de ces cookies lorsque vous visionnez des vid\u00e9os YouTube. Youtube stocke \u00e9galement des informations d\u2019utilisation non personnelles dans d\u2019autres cookies. Si vous voulez emp\u00eacher cela, vous devez bloquer l\u2019enregistrement des cookies dans votre navigateur.<\/span><\/p>\n<p class=\"p2\"><span class=\"s1\">Vous trouverez de plus amples informations sur la protection des donn\u00e9es sur \u00ab\u00a0Youtube\u00a0\u00bb dans la d\u00e9claration de protection des donn\u00e9es du fournisseur sous :<br \/>\n<a href=\"https:\/\/bit.ly\/2eoUVlS\" target=\"_blank\" rel=\"noopener noreferrer\">https:\/\/bit.ly\/2eoUVlS<\/a><\/span><\/p>\n<h3 class=\"p3\"><span class=\"s1\">Modifications de nos dispositions relatives \u00e0 la protection des donn\u00e9es<b><br \/>\n<\/b><\/span><\/h3>\n<p class=\"p2\"><span class=\"s1\">Nous nous r\u00e9servons le droit d\u2019adapter cette d\u00e9claration de protection des donn\u00e9es afin qu\u2019elle soit toujours conforme aux exigences l\u00e9gales en vigueur ou d\u2019apporter des modifications \u00e0 nos services dans la d\u00e9claration de protection des donn\u00e9es, par exemple en introduisant de nouveaux services. La nouvelle d\u00e9claration de protection des donn\u00e9es s\u2019appliquera alors \u00e0 votre prochaine visite.<\/span><\/p>\n","protected":false},"excerpt":{"rendered":"<p>&nbsp; Organe responsable au sens de la l\u00e9gislation sur la protection des donn\u00e9es, en particulier de l\u2019ordonnance de l\u2019UE sur la protection des donn\u00e9es : BONVIN &amp; PARTNERS S\u00e0rl Avenue du G\u00e9n\u00e9ral Guisan 23 CH-3960 SIERRE (VS) info @ jardins-ditagne.ch Vous pouvez exercer \u00e0 tout moment les droits suivants en utilisant les coordonn\u00e9es fournies par&hellip;<\/p>\n","protected":false},"author":1,"featured_media":0,"parent":0,"menu_order":0,"comment_status":"closed","ping_status":"closed","template":"template-microsite.php","meta":{"footnotes":""},"class_list":["post-4034","page","type-page","status-publish","hentry","description-off"],"yoast_head":"<!-- This site is optimized with the Yoast SEO plugin v27.4 - https:\/\/yoast.com\/product\/yoast-seo-wordpress\/ -->\n<title>Mentions L\u00e9gales - Les Jardins d&#039;Itagne<\/title>\n<meta name=\"robots\" content=\"index, follow, max-snippet:-1, max-image-preview:large, max-video-preview:-1\" \/>\n<link rel=\"canonical\" href=\"https:\/\/jardins-ditagne.ch\/mentions-legales\/\" \/>\n<meta property=\"og:locale\" content=\"de_DE\" \/>\n<meta property=\"og:type\" content=\"article\" \/>\n<meta property=\"og:title\" content=\"Mentions L\u00e9gales - Les Jardins d&#039;Itagne\" \/>\n<meta property=\"og:description\" content=\"&nbsp; Organe responsable au sens de la l\u00e9gislation sur la protection des donn\u00e9es, en particulier de l\u2019ordonnance de l\u2019UE sur la protection des donn\u00e9es : BONVIN &amp; PARTNERS S\u00e0rl Avenue du G\u00e9n\u00e9ral Guisan 23 CH-3960 SIERRE (VS) info @ jardins-ditagne.ch Vous pouvez exercer \u00e0 tout moment les droits suivants en utilisant les coordonn\u00e9es fournies par&hellip;\" \/>\n<meta property=\"og:url\" content=\"https:\/\/jardins-ditagne.ch\/mentions-legales\/\" \/>\n<meta property=\"og:site_name\" content=\"Les Jardins d&#039;Itagne\" \/>\n<meta property=\"article:modified_time\" content=\"2020-06-04T08:04:51+00:00\" \/>\n<meta name=\"twitter:card\" content=\"summary_large_image\" \/>\n<meta name=\"twitter:label1\" content=\"Gesch\u00e4tzte Lesezeit\" \/>\n\t<meta name=\"twitter:data1\" content=\"9\u00a0Minuten\" \/>\n<script type=\"application\/ld+json\" class=\"yoast-schema-graph\">{\"@context\":\"https:\\\/\\\/schema.org\",\"@graph\":[{\"@type\":\"WebPage\",\"@id\":\"https:\\\/\\\/jardins-ditagne.ch\\\/mentions-legales\\\/\",\"url\":\"https:\\\/\\\/jardins-ditagne.ch\\\/mentions-legales\\\/\",\"name\":\"Mentions L\u00e9gales - Les Jardins d&#039;Itagne\",\"isPartOf\":{\"@id\":\"https:\\\/\\\/jardins-ditagne.ch\\\/#website\"},\"datePublished\":\"2020-06-04T07:55:34+00:00\",\"dateModified\":\"2020-06-04T08:04:51+00:00\",\"breadcrumb\":{\"@id\":\"https:\\\/\\\/jardins-ditagne.ch\\\/mentions-legales\\\/#breadcrumb\"},\"inLanguage\":\"de\",\"potentialAction\":[{\"@type\":\"ReadAction\",\"target\":[\"https:\\\/\\\/jardins-ditagne.ch\\\/mentions-legales\\\/\"]}]},{\"@type\":\"BreadcrumbList\",\"@id\":\"https:\\\/\\\/jardins-ditagne.ch\\\/mentions-legales\\\/#breadcrumb\",\"itemListElement\":[{\"@type\":\"ListItem\",\"position\":1,\"name\":\"Accueil\",\"item\":\"https:\\\/\\\/jardins-ditagne.ch\\\/de\\\/\"},{\"@type\":\"ListItem\",\"position\":2,\"name\":\"Mentions L\u00e9gales\"}]},{\"@type\":\"WebSite\",\"@id\":\"https:\\\/\\\/jardins-ditagne.ch\\\/#website\",\"url\":\"https:\\\/\\\/jardins-ditagne.ch\\\/\",\"name\":\"Les Jardins d&#039;Itagne\",\"description\":\"R\u00e9sidences Sierre Valais\",\"potentialAction\":[{\"@type\":\"SearchAction\",\"target\":{\"@type\":\"EntryPoint\",\"urlTemplate\":\"https:\\\/\\\/jardins-ditagne.ch\\\/?s={search_term_string}\"},\"query-input\":{\"@type\":\"PropertyValueSpecification\",\"valueRequired\":true,\"valueName\":\"search_term_string\"}}],\"inLanguage\":\"de\"}]}<\/script>\n<!-- \/ Yoast SEO plugin. -->","yoast_head_json":{"title":"Mentions L\u00e9gales - Les Jardins d&#039;Itagne","robots":{"index":"index","follow":"follow","max-snippet":"max-snippet:-1","max-image-preview":"max-image-preview:large","max-video-preview":"max-video-preview:-1"},"canonical":"https:\/\/jardins-ditagne.ch\/mentions-legales\/","og_locale":"de_DE","og_type":"article","og_title":"Mentions L\u00e9gales - Les Jardins d&#039;Itagne","og_description":"&nbsp; Organe responsable au sens de la l\u00e9gislation sur la protection des donn\u00e9es, en particulier de l\u2019ordonnance de l\u2019UE sur la protection des donn\u00e9es : BONVIN &amp; PARTNERS S\u00e0rl Avenue du G\u00e9n\u00e9ral Guisan 23 CH-3960 SIERRE (VS) info @ jardins-ditagne.ch Vous pouvez exercer \u00e0 tout moment les droits suivants en utilisant les coordonn\u00e9es fournies par&hellip;","og_url":"https:\/\/jardins-ditagne.ch\/mentions-legales\/","og_site_name":"Les Jardins d&#039;Itagne","article_modified_time":"2020-06-04T08:04:51+00:00","twitter_card":"summary_large_image","twitter_misc":{"Gesch\u00e4tzte Lesezeit":"9\u00a0Minuten"},"schema":{"@context":"https:\/\/schema.org","@graph":[{"@type":"WebPage","@id":"https:\/\/jardins-ditagne.ch\/mentions-legales\/","url":"https:\/\/jardins-ditagne.ch\/mentions-legales\/","name":"Mentions L\u00e9gales - Les Jardins d&#039;Itagne","isPartOf":{"@id":"https:\/\/jardins-ditagne.ch\/#website"},"datePublished":"2020-06-04T07:55:34+00:00","dateModified":"2020-06-04T08:04:51+00:00","breadcrumb":{"@id":"https:\/\/jardins-ditagne.ch\/mentions-legales\/#breadcrumb"},"inLanguage":"de","potentialAction":[{"@type":"ReadAction","target":["https:\/\/jardins-ditagne.ch\/mentions-legales\/"]}]},{"@type":"BreadcrumbList","@id":"https:\/\/jardins-ditagne.ch\/mentions-legales\/#breadcrumb","itemListElement":[{"@type":"ListItem","position":1,"name":"Accueil","item":"https:\/\/jardins-ditagne.ch\/de\/"},{"@type":"ListItem","position":2,"name":"Mentions L\u00e9gales"}]},{"@type":"WebSite","@id":"https:\/\/jardins-ditagne.ch\/#website","url":"https:\/\/jardins-ditagne.ch\/","name":"Les Jardins d&#039;Itagne","description":"R\u00e9sidences Sierre Valais","potentialAction":[{"@type":"SearchAction","target":{"@type":"EntryPoint","urlTemplate":"https:\/\/jardins-ditagne.ch\/?s={search_term_string}"},"query-input":{"@type":"PropertyValueSpecification","valueRequired":true,"valueName":"search_term_string"}}],"inLanguage":"de"}]}},"_links":{"self":[{"href":"https:\/\/jardins-ditagne.ch\/de\/wp-json\/wp\/v2\/pages\/4034","targetHints":{"allow":["GET"]}}],"collection":[{"href":"https:\/\/jardins-ditagne.ch\/de\/wp-json\/wp\/v2\/pages"}],"about":[{"href":"https:\/\/jardins-ditagne.ch\/de\/wp-json\/wp\/v2\/types\/page"}],"author":[{"embeddable":true,"href":"https:\/\/jardins-ditagne.ch\/de\/wp-json\/wp\/v2\/users\/1"}],"replies":[{"embeddable":true,"href":"https:\/\/jardins-ditagne.ch\/de\/wp-json\/wp\/v2\/comments?post=4034"}],"version-history":[{"count":3,"href":"https:\/\/jardins-ditagne.ch\/de\/wp-json\/wp\/v2\/pages\/4034\/revisions"}],"predecessor-version":[{"id":4044,"href":"https:\/\/jardins-ditagne.ch\/de\/wp-json\/wp\/v2\/pages\/4034\/revisions\/4044"}],"wp:attachment":[{"href":"https:\/\/jardins-ditagne.ch\/de\/wp-json\/wp\/v2\/media?parent=4034"}],"curies":[{"name":"wp","href":"https:\/\/api.w.org\/{rel}","templated":true}]}}